{"id":40,"date":"2024-10-21T20:52:23","date_gmt":"2024-10-21T18:52:23","guid":{"rendered":"https:\/\/fapostolsantiago.online\/padel\/password-reset\/"},"modified":"2024-10-21T20:52:23","modified_gmt":"2024-10-21T18:52:23","slug":"password-reset","status":"publish","type":"page","link":"https:\/\/fapostolsantiago.online\/padel\/password-reset\/","title":{"rendered":"Restablecer la contrase\u00f1a"},"content":{"rendered":"<div class=\"um um-password um-um_password_id\">\n\t<div class=\"um-form\">\n\t\t<form method=\"post\" action=\"\">\n\t\t\t\n\t\t\t\t<input type=\"hidden\" name=\"_um_password_reset\" id=\"_um_password_reset\" value=\"1\" \/>\n\n\t\t\t\t\t\t\t\t\t<div class=\"um-field um-field-block um-field-type_block\">\n\t\t\t\t\t\t<div class=\"um-field-block\">\n\t\t\t\t\t\t\t<div style=\"text-align:center;\">\n\t\t\t\t\t\t\t\tPara restablecer tu contrase\u00f1a, por favor, introduce a continuaci\u00f3n tu direcci\u00f3n de correo electr\u00f3nico o nombre de usuario.\t\t\t\t\t\t\t<\/div>\n\t\t\t\t\t\t<\/div>\n\t\t\t\t\t<\/div>\n\t\t\t\t\t<div  id=\"um_field_0_username_b\" class=\"um-field um-field-text  um-field-username_b um-field-text um-field-type_text\" data-key=\"username_b\"><div class=\"um-field-area\"><input  autocomplete=\"off\" class=\"um-form-field valid \" type=\"text\" name=\"username_b\" id=\"username_b\" value=\"\" placeholder=\"Introduce tu nombre de usuario o correo electr\u00f3nico\" data-validate=\"\" data-key=\"username_b\"  aria-invalid=\"false\" \/>\n\n\t\t\t\t\t\t<\/div><\/div>\t\t\t\t<div class=\"um-col-alt um-col-alt-b\">\n\t\t\t\t\t<div class=\"um-center\">\n\t\t\t\t\t\t<input type=\"submit\" value=\"Restablecer contrase\u00f1a\" class=\"um-button\" id=\"um-submit-btn\" \/>\n\t\t\t\t\t<\/div>\n\t\t\t\t\t<div class=\"um-clear\"><\/div>\n\t\t\t\t<\/div>\n\t\t\t\t\t<input type=\"hidden\" name=\"form_id\" id=\"form_id_um_password_id\" value=\"um_password_id\" \/>\n\t\t<p class=\"um_request_name\">\n\t\t<label for=\"um_request_um_password_id\">Only fill in if you are not human<\/label>\n\t\t<input type=\"hidden\" name=\"um_request\" id=\"um_request_um_password_id\" class=\"input\" value=\"\" size=\"25\" autocomplete=\"off\" \/>\n\t<\/p>\n\t<div id=\"um_field_31_aceptacion\" class=\"um-field um-field-checkbox um-field-aceptacion um-field-checkbox um-field-type_checkbox\" data-validate data-key=\"aceptacion[]\">\r\n\t<div class=\"um-field-label\">\r\n\t\t<label for=\"aceptacion[]\"><\/label>\r\n\t\t<div class=\"um-clear\"><\/div>\r\n\t<\/div>\r\n\t<div class=\"um-field-area\">\r\n\t\t<label class=\"um-field-checkbox um-field-half \">\r\n\t\t\t<input type=\"checkbox\" name=\"aceptacion[]\" value=\"1\" required>\r\n\t\t\t<span class=\"um-field-checkbox-state\">\r\n\t\t\t\t<i class=\"um-icon-android-checkbox-outline-blank\"><\/i>\r\n\t\t\t<\/span>\r\n\t\t\t<span class=\"um-field-checkbox-option\">Acepto la <a href=\"\/politica-de-privacidad\/\" target=\"_blank\">Pol\u00edtica de Privacidad<\/a> (obligatorio)<\/span>\r\n\t\t<\/label>\r\n\t\t<div class=\"um-clear\"><\/div>\r\n\t<\/div>\r\n<\/div>\r\n\t\t<\/form>\n\t<\/div>\n<\/div>\n<style>\n\t\t\t.um-um_password_id.um {\n\t\t\tmax-width: 450px;\n\t\t}\n\t\t<\/style>\n\n","protected":false},"excerpt":{"rendered":"","protected":false},"author":1,"featured_media":0,"parent":0,"menu_order":8,"comment_status":"closed","ping_status":"closed","template":"","meta":{"footnotes":""},"class_list":["post-40","page","type-page","status-publish","hentry"],"_links":{"self":[{"href":"https:\/\/fapostolsantiago.online\/padel\/wp-json\/wp\/v2\/pages\/40","targetHints":{"allow":["GET"]}}],"collection":[{"href":"https:\/\/fapostolsantiago.online\/padel\/wp-json\/wp\/v2\/pages"}],"about":[{"href":"https:\/\/fapostolsantiago.online\/padel\/wp-json\/wp\/v2\/types\/page"}],"author":[{"embeddable":true,"href":"https:\/\/fapostolsantiago.online\/padel\/wp-json\/wp\/v2\/users\/1"}],"replies":[{"embeddable":true,"href":"https:\/\/fapostolsantiago.online\/padel\/wp-json\/wp\/v2\/comments?post=40"}],"version-history":[{"count":0,"href":"https:\/\/fapostolsantiago.online\/padel\/wp-json\/wp\/v2\/pages\/40\/revisions"}],"wp:attachment":[{"href":"https:\/\/fapostolsantiago.online\/padel\/wp-json\/wp\/v2\/media?parent=40"}],"curies":[{"name":"wp","href":"https:\/\/api.w.org\/{rel}","templated":true}]}}